{"id":200,"date":"2019-05-24T20:27:13","date_gmt":"2019-05-24T20:27:13","guid":{"rendered":"http:\/\/groupemenard.com\/home-2\/"},"modified":"2024-04-11T11:29:11","modified_gmt":"2024-04-11T15:29:11","slug":"accueil","status":"publish","type":"page","link":"https:\/\/groupemenard.com\/en\/accueil\/","title":{"rendered":"Home"},"content":{"rendered":"<p><div class=\"fusion-fullwidth fullwidth-box fusion-builder-row-1 hundred-percent-fullwidth non-hundred-percent-height-scrolling fusion-equal-height-columns\" style=\"--awb-border-radius-top-left:0px;--awb-border-radius-top-right:0px;--awb-border-radius-bottom-right:0px;--awb-border-radius-bottom-left:0px;--awb-padding-top:0px;--awb-padding-right:0px;--awb-padding-bottom:0px;--awb-padding-left:0px;--awb-margin-top:0px;--awb-margin-bottom:0px;--awb-flex-wrap:wrap;\" ><div class=\"fusion-builder-row fusion-row\"><div class=\"fusion-layout-column fusion_builder_column fusion-builder-column-0 fusion_builder_column_1_2 1_2 fusion-one-half fusion-column-first fusion-animated\" style=\"--awb-padding-top:5%;--awb-padding-right:5%;--awb-padding-bottom:20px;--awb-padding-left:5%;--awb-bg-size:cover;--awb-margin-bottom:0px;width:50%;width:calc(50% - ( ( 0% ) * 0.5 ) );margin-right: 0%;\" data-animationType=\"fadeInUp\" data-animationDuration=\"0.5\" data-animationOffset=\"top-into-view\"><div class=\"fusion-column-wrapper fusion-column-has-shadow fusion-flex-column-wrapper-legacy\"><div class=\"fusion-text fusion-text-1\"><h2>Groupe M\u00e9nard<\/h2>\n<\/div><div class=\"fusion-sep-clear\"><\/div><div class=\"fusion-separator fusion-clearfix\" style=\"float:left;margin-bottom:50px;width:100%;max-width:70px;\"><div class=\"fusion-separator-border sep-single\" style=\"--awb-height:20px;--awb-amount:20px;border-color:#fe5000;border-top-width:5px;\"><\/div><\/div><div class=\"fusion-sep-clear\"><\/div><div class=\"fusion-text fusion-text-2\"><p>Groupe M\u00e9nard is a family-run passenger transportation company, offering school and luxury transportation services.<\/p>\n<p>We are a member of both the Quebec Bus Carriers Federation and the American Bus Association, operating with a fleet of over 65 vehicles. Our reputation is built on the reliability and consistency of our services for short and long-term stays in Quebec, Ontario, and even the United States.<\/p>\n<p>Whether you are organizing an office outing, a sporting event, or a trip to New York or Florida, Groupe M\u00e9nard has a bus service that suits your needs.<\/p>\n<p>Contact us and let our experts help organize the start of your trip!<\/p>\n<\/div><div class=\"fusion-button-wrapper\"><a class=\"fusion-button button-flat fusion-button-default-size button-default fusion-button-default button-1 fusion-button-default-span fusion-button-default-type\" target=\"_self\" href=\"https:\/\/groupemenard.com\/en\/contact\/\"><span class=\"fusion-button-text awb-button__text awb-button__text--default\">\n<p>Learn more<\/p>\n<\/span><\/a><\/div><div class=\"fusion-clearfix\"><\/div><\/div><\/div><div class=\"fusion-layout-column fusion_builder_column fusion-builder-column-1 fusion_builder_column_1_2 1_2 fusion-one-half fusion-column-last\" style=\"--awb-bg-size:cover;--awb-margin-bottom:0px;width:50%;width:calc(50% - ( ( 0% ) * 0.5 ) );\"><div class=\"fusion-column-wrapper fusion-column-has-shadow fusion-flex-column-wrapper-legacy\"><div class=\"fusion-image-element fusion-image-align-right in-legacy-container\" style=\"text-align:right;--awb-caption-title-font-family:var(--h2_typography-font-family);--awb-caption-title-font-weight:var(--h2_typography-font-weight);--awb-caption-title-font-style:var(--h2_typography-font-style);--awb-caption-title-size:var(--h2_typography-font-size);--awb-caption-title-transform:var(--h2_typography-text-transform);--awb-caption-title-line-height:var(--h2_typography-line-height);--awb-caption-title-letter-spacing:var(--h2_typography-letter-spacing);\"><span class=\" fusion-imageframe imageframe-none imageframe-1 hover-type-none image_groupeMenard_acc\" style=\"margin-left:25px;float:right;\"><img decoding=\"async\" width=\"900\" height=\"800\" title=\"GroupeMenard_Info\" src=\"https:\/\/groupemenard.com\/wp-content\/uploads\/2019\/08\/GroupeMenard_Description.jpg\" alt class=\"img-responsive wp-image-398\" srcset=\"https:\/\/groupemenard.com\/wp-content\/uploads\/2019\/08\/GroupeMenard_Description-200x178.jpg 200w, https:\/\/groupemenard.com\/wp-content\/uploads\/2019\/08\/GroupeMenard_Description-400x356.jpg 400w, https:\/\/groupemenard.com\/wp-content\/uploads\/2019\/08\/GroupeMenard_Description-600x533.jpg 600w, https:\/\/groupemenard.com\/wp-content\/uploads\/2019\/08\/GroupeMenard_Description-800x711.jpg 800w, https:\/\/groupemenard.com\/wp-content\/uploads\/2019\/08\/GroupeMenard_Description.jpg 900w\" sizes=\"(max-width: 800px) 100vw, 800px\" \/><\/span><\/div><div class=\"fusion-clearfix\"><\/div><\/div><\/div><\/div><\/div><div class=\"fusion-fullwidth fullwidth-box fusion-builder-row-2 hundred-percent-fullwidth non-hundred-percent-height-scrolling contenu_acc_location\" style=\"--awb-border-radius-top-left:0px;--awb-border-radius-top-right:0px;--awb-border-radius-bottom-right:0px;--awb-border-radius-bottom-left:0px;--awb-padding-top:200px;--awb-padding-bottom:75px;--awb-background-color:#000000;--awb-flex-wrap:wrap;\" ><div class=\"fusion-builder-row fusion-row\"><div class=\"fusion-layout-column fusion_builder_column fusion-builder-column-2 fusion_builder_column_1_2 1_2 fusion-one-half fusion-column-first fusion-animated\" style=\"--awb-bg-size:cover;width:50%;width:calc(50% - ( ( 4% ) * 0.5 ) );margin-right: 4%;\" data-animationType=\"fadeInUp\" data-animationDuration=\"0.5\" data-animationOffset=\"top-into-view\"><div class=\"fusion-column-wrapper fusion-column-has-shadow fusion-flex-column-wrapper-legacy\"><div class=\"fusion-image-element fusion-image-align-left in-legacy-container\" style=\"text-align:left;--awb-caption-title-font-family:var(--h2_typography-font-family);--awb-caption-title-font-weight:var(--h2_typography-font-weight);--awb-caption-title-font-style:var(--h2_typography-font-style);--awb-caption-title-size:var(--h2_typography-font-size);--awb-caption-title-transform:var(--h2_typography-text-transform);--awb-caption-title-line-height:var(--h2_typography-line-height);--awb-caption-title-letter-spacing:var(--h2_typography-letter-spacing);\"><span class=\" fusion-imageframe imageframe-none imageframe-2 hover-type-none\" style=\"margin-right:25px;float:left;\"><img decoding=\"async\" width=\"784\" height=\"772\" title=\"Menard_historique\" src=\"https:\/\/groupemenard.com\/wp-content\/uploads\/2019\/06\/Menard_historique.jpg\" alt class=\"img-responsive wp-image-203\" srcset=\"https:\/\/groupemenard.com\/wp-content\/uploads\/2019\/06\/Menard_historique-200x197.jpg 200w, https:\/\/groupemenard.com\/wp-content\/uploads\/2019\/06\/Menard_historique-400x394.jpg 400w, https:\/\/groupemenard.com\/wp-content\/uploads\/2019\/06\/Menard_historique-600x591.jpg 600w, https:\/\/groupemenard.com\/wp-content\/uploads\/2019\/06\/Menard_historique.jpg 784w\" sizes=\"(max-width: 800px) 100vw, 784px\" \/><\/span><\/div><div class=\"fusion-clearfix\"><\/div><\/div><\/div><div class=\"fusion-layout-column fusion_builder_column fusion-builder-column-3 fusion_builder_column_1_2 1_2 fusion-one-half fusion-column-last fusion-animated\" style=\"--awb-padding-right:5%;--awb-bg-size:cover;width:50%;width:calc(50% - ( ( 4% ) * 0.5 ) );\" data-animationType=\"fadeInUp\" data-animationDuration=\"0.5\" data-animationOffset=\"top-into-view\"><div class=\"fusion-column-wrapper fusion-column-has-shadow fusion-flex-column-wrapper-legacy\"><div class=\"fusion-text fusion-text-3\"><h2><span style=\"color: #ffffff;\" data-mce-style=\"color: #ffffff;\">History<\/span><\/h2>\n<\/div><div class=\"fusion-sep-clear\"><\/div><div class=\"fusion-separator fusion-clearfix\" style=\"float:left;margin-bottom:50px;width:100%;max-width:70px;\"><div class=\"fusion-separator-border sep-single\" style=\"--awb-height:20px;--awb-amount:20px;border-color:#fe5000;border-top-width:5px;\"><\/div><\/div><div class=\"fusion-sep-clear\"><\/div><div class=\"fusion-text fusion-text-4\"><p><span style=\"color: #ffffff;\" data-mce-style=\"color: #ffffff;\">Originally founded by \u00c9mile and Ruth M\u00e9nard in 1962, Autobus M\u00e9nard began as a simple school bus service with a fleet of only two buses.<\/span><\/p>\n<p><span style=\"color: #ffffff;\" data-mce-style=\"color: #ffffff;\">In 1970, the company broadened its services through the addition of luxury coaches. Pierre and Diane M\u00e9nard further encouraged the expansion of Autobus M\u00e9nard with the acquisition of Autobus Richelieu and Autobus St Alexandre. Today, the third generation has taken the reins, operating the newly named Groupe M\u00e9nard with a fleet of over 65 vehicles.<\/span><\/p>\n<p><span style=\"color: #ffffff;\" data-mce-style=\"color: #ffffff;\">Previous generations of M\u00e9nard grandparents would be proud to witness the continued growth of the company under the care of their grandchildren, who work together to honor and preserve its family memory, while also adapting its services to meet modern day demands. And they do so in the best possible way, by prioritizing respect for their clients, which has always been one of the family\u2019s fundamental values.<\/span><\/p>\n<p><span style=\"color: #ffffff;\" data-mce-style=\"color: #ffffff;\">Contact us and let our experts help organize the start of your trip!<\/span><\/p>\n<\/div><div class=\"fusion-button-wrapper\"><a class=\"fusion-button button-flat fusion-button-default-size button-custom fusion-button-default button-2 fusion-button-default-span fusion-button-default-type\" style=\"--button_accent_color:#ffffff;--button_border_color:#ffffff;--button_accent_hover_color:#fe5000;--button_border_hover_color:#fe5000;--button_gradient_top_color:rgba(160,206,78,0);--button_gradient_bottom_color:rgba(160,206,78,0);--button_gradient_top_color_hover:rgba(150,195,70,0);--button_gradient_bottom_color_hover:rgba(150,195,70,0);\" target=\"_self\" href=\"https:\/\/groupemenard.com\/en\/contact\/\"><span class=\"fusion-button-text awb-button__text awb-button__text--default\">\n<p>Learn more<\/p>\n<\/span><\/a><\/div><div class=\"fusion-clearfix\"><\/div><\/div><\/div><\/div><\/div><div class=\"fusion-fullwidth fullwidth-box fusion-builder-row-3 nonhundred-percent-fullwidth non-hundred-percent-height-scrolling\" style=\"--awb-border-radius-top-left:0px;--awb-border-radius-top-right:0px;--awb-border-radius-bottom-right:0px;--awb-border-radius-bottom-left:0px;--awb-padding-top:0px;--awb-padding-bottom:50px;--awb-background-color:#000000;--awb-flex-wrap:wrap;\" ><div class=\"fusion-builder-row fusion-row\"><div class=\"fusion-layout-column fusion_builder_column fusion-builder-column-4 fusion_builder_column_1_1 1_1 fusion-one-full fusion-column-first fusion-column-last fusion-animated\" style=\"--awb-bg-size:cover;--awb-margin-top:30px;\" data-animationType=\"fadeInUp\" data-animationDuration=\"0.5\" data-animationOffset=\"top-into-view\"><div class=\"fusion-column-wrapper fusion-column-has-shadow fusion-flex-column-wrapper-legacy\"><div class=\"fusion-slider-sc fusion-flexslider-loading flexslider flexslider-hover-type-none slider_acc_location\" data-slideshow_autoplay=\"1\" data-slideshow_smooth_height=\"0\" data-slideshow_speed=\"7000\" style=\"max-width:100%;height:100%;\"><ul class=\"slides\"><li class=\"image\"><span class=\"fusion-image-hover-element hover-type-none\"><img decoding=\"async\" src=\"https:\/\/groupemenard.com\/wp-content\/uploads\/2019\/08\/Autobus_scolaire.jpg\" width=\"1500\" height=\"700\" class=\"wp-image-400\" srcset=\"https:\/\/groupemenard.com\/wp-content\/uploads\/2019\/08\/Autobus_scolaire-200x93.jpg 200w, https:\/\/groupemenard.com\/wp-content\/uploads\/2019\/08\/Autobus_scolaire-400x187.jpg 400w, https:\/\/groupemenard.com\/wp-content\/uploads\/2019\/08\/Autobus_scolaire-600x280.jpg 600w, https:\/\/groupemenard.com\/wp-content\/uploads\/2019\/08\/Autobus_scolaire-800x373.jpg 800w, https:\/\/groupemenard.com\/wp-content\/uploads\/2019\/08\/Autobus_scolaire-1200x560.jpg 1200w, https:\/\/groupemenard.com\/wp-content\/uploads\/2019\/08\/Autobus_scolaire.jpg 1500w\" sizes=\"(max-width: 800px) 100vw, 1500px\" \/><\/span><\/li><li class=\"image\"><span class=\"fusion-image-hover-element hover-type-none\"><img decoding=\"async\" src=\"https:\/\/groupemenard.com\/wp-content\/uploads\/2019\/08\/Autocar_de_luxe.jpg\" width=\"1500\" height=\"700\" class=\"wp-image-402\" srcset=\"https:\/\/groupemenard.com\/wp-content\/uploads\/2019\/08\/Autocar_de_luxe-200x93.jpg 200w, https:\/\/groupemenard.com\/wp-content\/uploads\/2019\/08\/Autocar_de_luxe-400x187.jpg 400w, https:\/\/groupemenard.com\/wp-content\/uploads\/2019\/08\/Autocar_de_luxe-600x280.jpg 600w, https:\/\/groupemenard.com\/wp-content\/uploads\/2019\/08\/Autocar_de_luxe-800x373.jpg 800w, https:\/\/groupemenard.com\/wp-content\/uploads\/2019\/08\/Autocar_de_luxe-1200x560.jpg 1200w, https:\/\/groupemenard.com\/wp-content\/uploads\/2019\/08\/Autocar_de_luxe.jpg 1500w\" sizes=\"(max-width: 800px) 100vw, 1500px\" \/><\/span><\/li><\/ul><\/div><div class=\"fusion-image-element in-legacy-container\" style=\"--awb-caption-title-font-family:var(--h2_typography-font-family);--awb-caption-title-font-weight:var(--h2_typography-font-weight);--awb-caption-title-font-style:var(--h2_typography-font-style);--awb-caption-title-size:var(--h2_typography-font-size);--awb-caption-title-transform:var(--h2_typography-text-transform);--awb-caption-title-line-height:var(--h2_typography-line-height);--awb-caption-title-letter-spacing:var(--h2_typography-letter-spacing);\"><span class=\" fusion-imageframe imageframe-none imageframe-3 hover-type-none elementgraphique_sliderlocationACC\"><img decoding=\"async\" width=\"309\" height=\"325\" title=\"elements_graphiques\" src=\"https:\/\/groupemenard.com\/wp-content\/uploads\/2019\/05\/elements_graphiques.png\" alt class=\"img-responsive wp-image-204\" srcset=\"https:\/\/groupemenard.com\/wp-content\/uploads\/2019\/05\/elements_graphiques-200x210.png 200w, https:\/\/groupemenard.com\/wp-content\/uploads\/2019\/05\/elements_graphiques.png 309w\" sizes=\"(max-width: 800px) 100vw, 309px\" \/><\/span><\/div><div class=\"fusion-clearfix\"><\/div><\/div><\/div><div class=\"fusion-layout-column fusion_builder_column fusion-builder-column-5 fusion_builder_column_1_1 1_1 fusion-one-full fusion-column-first fusion-column-last fusion-animated\" style=\"--awb-bg-size:cover;\" data-animationType=\"fadeInUp\" data-animationDuration=\"0.5\" data-animationOffset=\"top-into-view\"><div class=\"fusion-column-wrapper fusion-column-has-shadow fusion-flex-column-wrapper-legacy\"><div class=\"fusion-text fusion-text-5\"><h2><span style=\"color: #ffffff;\" data-mce-style=\"color: #ffffff;\">Rental<\/span><\/h2>\n<\/div><div class=\"fusion-sep-clear\"><\/div><div class=\"fusion-separator fusion-clearfix\" style=\"float:left;margin-bottom:50px;width:100%;max-width:70px;\"><div class=\"fusion-separator-border sep-single\" style=\"--awb-height:20px;--awb-amount:20px;border-color:#fe5000;border-top-width:5px;\"><\/div><\/div><div class=\"fusion-sep-clear\"><\/div><div class=\"fusion-button-wrapper\"><a class=\"fusion-button button-flat fusion-button-default-size button-custom fusion-button-default button-3 fusion-button-default-span fusion-button-default-type\" style=\"--button_accent_color:#ffffff;--button_border_color:#ffffff;--button_accent_hover_color:#fe5000;--button_border_hover_color:#fe5000;--button_gradient_top_color:rgba(160,206,78,0);--button_gradient_bottom_color:rgba(160,206,78,0);--button_gradient_top_color_hover:rgba(150,195,70,0);--button_gradient_bottom_color_hover:rgba(150,195,70,0);\" target=\"_self\" href=\"https:\/\/groupemenard.com\/en\/rental\/\"><span class=\"fusion-button-text awb-button__text awb-button__text--default\">\n<p>Rent a bus<\/p>\n<\/span><\/a><\/div><div class=\"fusion-clearfix\"><\/div><\/div><\/div><\/div><\/div><div class=\"fusion-fullwidth fullwidth-box fusion-builder-row-4 nonhundred-percent-fullwidth non-hundred-percent-height-scrolling fusion-equal-height-columns contenu\" style=\"--awb-border-radius-top-left:0px;--awb-border-radius-top-right:0px;--awb-border-radius-bottom-right:0px;--awb-border-radius-bottom-left:0px;--awb-background-color:#ffffff;--awb-flex-wrap:wrap;\" ><div class=\"fusion-builder-row fusion-row\"><div class=\"fusion-layout-column fusion_builder_column fusion-builder-column-6 fusion_builder_column_1_1 1_1 fusion-one-full fusion-column-first fusion-column-last fusion-column-no-min-height fusion-animated\" style=\"--awb-bg-size:cover;\" data-animationType=\"fadeInUp\" data-animationDuration=\"0.5\" data-animationOffset=\"top-into-view\"><div class=\"fusion-column-wrapper fusion-column-has-shadow fusion-flex-column-wrapper-legacy\"><div class=\"fusion-text fusion-text-6\"><h2>Types of rental<\/h2>\n<\/div><div class=\"fusion-sep-clear\"><\/div><div class=\"fusion-separator\" style=\"margin-left: auto;margin-right: auto;margin-bottom:50px;width:100%;max-width:70px;\"><div class=\"fusion-separator-border sep-single\" style=\"--awb-height:20px;--awb-amount:20px;border-color:#fe5000;border-top-width:5px;\"><\/div><\/div><div class=\"fusion-sep-clear\"><\/div>\n<div class=\"fusion-clearfix\"><\/div><\/div><\/div><div class=\"fusion-layout-column fusion_builder_column fusion-builder-column-7 fusion_builder_column_1_2 1_2 fusion-one-half fusion-column-first fusion-animated Type_Location\" style=\"--awb-bg-image:url(&#039;https:\/\/groupemenard.com\/wp-content\/uploads\/2019\/08\/Location_Autocardeluxe.jpg&#039;);--awb-bg-size:cover;width:50%;width:calc(50% - ( ( 4% ) * 0.5 ) );margin-right: 4%;\" data-animationType=\"fadeInUp\" data-animationDuration=\"0.5\" data-animationOffset=\"top-into-view\"><div class=\"fusion-column-wrapper fusion-column-has-shadow fusion-flex-column-wrapper-legacy fusion-column-has-bg-image\" data-bg-url=\"https:\/\/groupemenard.com\/wp-content\/uploads\/2019\/08\/Location_Autocardeluxe.jpg\"><div class=\"fusion-text fusion-text-7\"><h2 style=\"text-align: center;\" data-mce-style=\"text-align: center;\"><a href=\"\/?page_id=238\" data-mce-href=\"https:\/\/groupemenard.com\/en\/luxury-coach\/\"><span style=\"color: #ffffff;\" data-mce-style=\"color: #ffffff;\">Luxury coach<\/span><\/a><\/h2>\n<\/div><div class=\"fusion-clearfix\"><\/div><\/div><\/div><div class=\"fusion-layout-column fusion_builder_column fusion-builder-column-8 fusion_builder_column_1_2 1_2 fusion-one-half fusion-column-last fusion-animated Type_Location TypeLocation_scolaire\" style=\"--awb-bg-image:url(&#039;https:\/\/groupemenard.com\/wp-content\/uploads\/2019\/08\/Location_AutobusScolaire.jpg&#039;);--awb-bg-size:cover;width:50%;width:calc(50% - ( ( 4% ) * 0.5 ) );\" data-animationType=\"fadeInUp\" data-animationDuration=\"0.5\" data-animationOffset=\"top-into-view\"><div class=\"fusion-column-wrapper fusion-column-has-shadow fusion-flex-column-wrapper-legacy fusion-column-has-bg-image\" data-bg-url=\"https:\/\/groupemenard.com\/wp-content\/uploads\/2019\/08\/Location_AutobusScolaire.jpg\"><div class=\"fusion-text fusion-text-8\"><h2 style=\"text-align: center;\" data-mce-style=\"text-align: center;\"><a href=\"\/?page_id=231\" data-mce-href=\"https:\/\/groupemenard.com\/en\/school-buses\/\"><span style=\"color: #ffffff;\" data-mce-style=\"color: #ffffff;\">School Bus<\/span><\/a><\/h2>\n<\/div><div class=\"fusion-clearfix\"><\/div><\/div><\/div><\/div><\/div><div class=\"fusion-fullwidth fullwidth-box fusion-builder-row-5 nonhundred-percent-fullwidth non-hundred-percent-height-scrolling fusion-equal-height-columns contenu\" style=\"--awb-border-radius-top-left:0px;--awb-border-radius-top-right:0px;--awb-border-radius-bottom-right:0px;--awb-border-radius-bottom-left:0px;--awb-flex-wrap:wrap;\" ><div class=\"fusion-builder-row fusion-row\"><div class=\"fusion-layout-column fusion_builder_column fusion-builder-column-9 fusion_builder_column_1_1 1_1 fusion-one-full fusion-column-first fusion-column-last fusion-animated contenuContactAcc\" style=\"--awb-padding-top:5%;--awb-padding-right:10%;--awb-padding-bottom:5%;--awb-bg-color:#f8f8f8;--awb-bg-color-hover:#f8f8f8;--awb-bg-size:cover;\" data-animationType=\"fadeInUp\" data-animationDuration=\"0.5\" data-animationOffset=\"top-into-view\"><div class=\"fusion-column-wrapper fusion-column-has-shadow fusion-flex-column-wrapper-legacy\"><div class=\"fusion-builder-row fusion-builder-row-inner fusion-row\"><div class=\"fusion-layout-column fusion_builder_column_inner fusion-builder-nested-column-0 fusion_builder_column_inner_1_2 1_2 fusion-one-half fusion-column-first img_acc_contact\" style=\"--awb-bg-size:cover;width:50%;width:calc(50% - ( ( 4% ) * 0.5 ) );margin-right: 4%;\"><div class=\"fusion-column-wrapper fusion-column-has-shadow fusion-flex-column-wrapper-legacy\"><div class=\"fusion-image-element in-legacy-container\" style=\"--awb-caption-title-font-family:var(--h2_typography-font-family);--awb-caption-title-font-weight:var(--h2_typography-font-weight);--awb-caption-title-font-style:var(--h2_typography-font-style);--awb-caption-title-size:var(--h2_typography-font-size);--awb-caption-title-transform:var(--h2_typography-text-transform);--awb-caption-title-line-height:var(--h2_typography-line-height);--awb-caption-title-letter-spacing:var(--h2_typography-letter-spacing);\"><span class=\" fusion-imageframe imageframe-none imageframe-4 hover-type-none\"><img decoding=\"async\" width=\"600\" height=\"800\" title=\"Contact_GoupeMenard\" src=\"https:\/\/groupemenard.com\/wp-content\/uploads\/2019\/08\/GroupeMenard_Contact.jpg\" alt class=\"img-responsive wp-image-411\" srcset=\"https:\/\/groupemenard.com\/wp-content\/uploads\/2019\/08\/GroupeMenard_Contact-200x267.jpg 200w, https:\/\/groupemenard.com\/wp-content\/uploads\/2019\/08\/GroupeMenard_Contact-400x533.jpg 400w, https:\/\/groupemenard.com\/wp-content\/uploads\/2019\/08\/GroupeMenard_Contact.jpg 600w\" sizes=\"(max-width: 800px) 100vw, 600px\" \/><\/span><\/div><div class=\"fusion-clearfix\"><\/div><\/div><\/div><div class=\"fusion-layout-column fusion_builder_column_inner fusion-builder-nested-column-1 fusion_builder_column_inner_1_2 1_2 fusion-one-half fusion-column-last\" style=\"--awb-bg-size:cover;width:50%;width:calc(50% - ( ( 4% ) * 0.5 ) );\"><div class=\"fusion-column-wrapper fusion-column-has-shadow fusion-flex-column-wrapper-legacy\"><div class=\"fusion-column-content-centered\"><div class=\"fusion-column-content\"><div class=\"fusion-text fusion-text-9\"><h2>CONTACT<br \/>AUTOBUS M\u00c9NARD<\/h2>\n<\/div><div class=\"fusion-sep-clear\"><\/div><div class=\"fusion-separator\" style=\"margin-left: auto;margin-right: auto;margin-bottom:50px;width:100%;max-width:70px;\"><div class=\"fusion-separator-border sep-single\" style=\"--awb-height:20px;--awb-amount:20px;border-color:#fe5000;border-top-width:5px;\"><\/div><\/div><div class=\"fusion-sep-clear\"><\/div>\n<div class=\"fusion-button-wrapper\"><a class=\"fusion-button button-flat fusion-button-default-size button-default fusion-button-default button-4 fusion-button-default-span fusion-button-default-type\" target=\"_self\" href=\"https:\/\/groupemenard.com\/en\/contact\/\"><span class=\"fusion-button-text awb-button__text awb-button__text--default\">\n<p>Learn more<\/p>\n<\/span><\/a><\/div><\/div><\/div><div class=\"fusion-clearfix\"><\/div><\/div><\/div><\/div><div class=\"fusion-clearfix\"><\/div><\/div><\/div><\/div><\/div><\/p>\n","protected":false},"excerpt":{"rendered":"","protected":false},"author":1,"featured_media":0,"parent":0,"menu_order":0,"comment_status":"closed","ping_status":"closed","template":"100-width.php","meta":{"_acf_changed":false,"_seopress_robots_primary_cat":"","_seopress_titles_title":"","_seopress_titles_desc":"","_seopress_robots_index":"","footnotes":""},"class_list":["post-200","page","type-page","status-publish","hentry"],"acf":[],"_links":{"self":[{"href":"https:\/\/groupemenard.com\/en\/wp-json\/wp\/v2\/pages\/200","targetHints":{"allow":["GET"]}}],"collection":[{"href":"https:\/\/groupemenard.com\/en\/wp-json\/wp\/v2\/pages"}],"about":[{"href":"https:\/\/groupemenard.com\/en\/wp-json\/wp\/v2\/types\/page"}],"author":[{"embeddable":true,"href":"https:\/\/groupemenard.com\/en\/wp-json\/wp\/v2\/users\/1"}],"replies":[{"embeddable":true,"href":"https:\/\/groupemenard.com\/en\/wp-json\/wp\/v2\/comments?post=200"}],"version-history":[{"count":48,"href":"https:\/\/groupemenard.com\/en\/wp-json\/wp\/v2\/pages\/200\/revisions"}],"predecessor-version":[{"id":1580,"href":"https:\/\/groupemenard.com\/en\/wp-json\/wp\/v2\/pages\/200\/revisions\/1580"}],"wp:attachment":[{"href":"https:\/\/groupemenard.com\/en\/wp-json\/wp\/v2\/media?parent=200"}],"curies":[{"name":"wp","href":"https:\/\/api.w.org\/{rel}","templated":true}]}}